{"id":257,"date":"2014-04-05T15:35:33","date_gmt":"2014-04-05T13:35:33","guid":{"rendered":"http:\/\/irsolutions.lv\/?page_id=257"},"modified":"2019-05-15T10:14:03","modified_gmt":"2019-05-15T07:14:03","slug":"davanu-iesainojums-vinam","status":"publish","type":"page","link":"https:\/\/www.irsolutions.lv\/ru\/precu-grupas\/davanu-iesainojums-vinam\/","title":{"rendered":"D\u0101vanu iesai\u0146ojums v\u012bnam"},"content":{"rendered":"<p><a href=\"\/katalogs\/davanu-iesainojums-vinam\/specialais-iesainojums-vinam\/\"><img loading=\"lazy\" class=\"alignnone size-full wp-image-765\" src=\"\/wp-content\/uploads\/2014\/04\/Dav_ies_vinam_0140.png\" alt=\"Dav_ies_vinam_0140\" width=\"151\" height=\"130\" \/><\/a>\u00a0 \u00a0 \u00a0 \u00a0 \u00a0 \u00a0 \u00a0 \u00a0\u00a0<a href=\"\/katalogs\/davanu-iesainojums-vinam\/ziemassvetku-dizaina-karbas\/\"><img loading=\"lazy\" class=\"alignnone size-medium wp-image-766\" src=\"\/wp-content\/uploads\/2014\/04\/Dav_ies_vinam_0147.png\" alt=\"Dav_ies_vinam_0147\" width=\"149\" height=\"127\" \/><\/a>\u00a0 \u00a0 \u00a0 \u00a0 \u00a0 \u00a0 \u00a0 \u00a0\u00a0<a href=\"\/katalogs\/davanu-iesainojums-vinam\/ziemassvetku-karbas\/\"><img loading=\"lazy\" class=\"alignnone size-medium wp-image-767\" src=\"\/wp-content\/uploads\/2014\/04\/Dav_ies_vinam_0148.png\" alt=\"Dav_ies_vinam_0148\" width=\"190\" height=\"126\" \/><\/a>\u00a0 \u00a0 \u00a0 \u00a0 \u00a0 \u00a0 \u00a0 \u00a0\u00a0<a href=\"\/katalogs\/davanu-iesainojums-vinam\/davanu-kastites-rozites\/\"><img loading=\"lazy\" class=\"alignnone size-medium wp-image-768\" src=\"\/wp-content\/uploads\/2014\/04\/Dav_ies_vinam_0149.png\" alt=\"Dav_ies_vinam_0149\" width=\"189\" height=\"125\" \/><br \/>\n<\/a><\/p>\n<p style=\"text-align: left;\">\u00a0 \u00a0 \u00a0<strong>Speci\u0101lais iesai\u0146ojums v\u012bnam \u00a0 \u00a0 \u00a0Ziemassv\u0113tku dizaina k\u0101rbas \u00a0 \u00a0 \u00a0Ziemassv\u0113tku d\u0101vanu k\u0101rbas &#8212; &#8216;egl\u012btes&#8217;\u00a0 \u00a0 \u00a0 \u00a0 \u00a0 \u00a0D\u0101vanu kast\u012btes &#8212; &#8216;roz\u012btes&#8217;<\/strong><\/p>\n<p><a href=\"\/katalogs\/davanu-iesainojums-vinam\/konusi-ziemassvetku-eglites\/\"><img loading=\"lazy\" class=\"alignnone size-medium wp-image-769\" src=\"\/wp-content\/uploads\/2014\/04\/Dav_ies_vinam_0150.png\" alt=\"Dav_ies_vinam_0150\" width=\"151\" height=\"127\" \/><\/a>\u00a0 \u00a0 \u00a0 \u00a0 \u00a0 \u00a0 \u00a0 \u00a0 \u00a0 \u00a0 \u00a0 \u00a0 \u00a0 \u00a0 \u00a0 \u00a0 \u00a0 \u00a0 \u00a0<img loading=\"lazy\" class=\"alignnone size-medium wp-image-770\" src=\"\/wp-content\/uploads\/2014\/04\/Dav_ies_vinam_0151.png\" alt=\"Dav_ies_vinam_0151\" width=\"119\" height=\"155\" \/>\u00a0 \u00a0 \u00a0 \u00a0 \u00a0 \u00a0 \u00a0 \u00a0 \u00a0 \u00a0 \u00a0 \u00a0 \u00a0 \u00a0 \u00a0\u00a0<img loading=\"lazy\" class=\"alignnone size-medium wp-image-771\" src=\"\/wp-content\/uploads\/2014\/04\/Dav_ies_vinam_0152.png\" alt=\"Dav_ies_vinam_0152\" width=\"205\" height=\"128\" \/>\u00a0 \u00a0 \u00a0 \u00a0 \u00a0 \u00a0 \u00a0\u00a0<img loading=\"lazy\" class=\"alignnone size-medium wp-image-772\" src=\"\/wp-content\/uploads\/2014\/04\/Dav_ies_vinam_0153.png\" alt=\"Dav_ies_vinam_0153\" width=\"203\" height=\"127\" \/><\/p>\n<p style=\"text-align: left;\"><strong>Konusi &#8212; ziemassv\u0113tku egl\u012btes<strong>\u00a0\u00a0 \u00a0 \u00a0<\/strong>Ziemassv\u0113tku d\u0101vanu kast\u012bte (taisnst\u016bra)<strong>\u00a0\u00a0 \u00a0 \u00a0<\/strong>Kartona kast\u012btes ar rokturi v\u012bnam<strong>\u00a0\u00a0 \u00a0 \u00a0 \u00a0 \u00a0\u00a0<\/strong>Kartona somi\u0146as v\u012bnam<\/strong><\/p>\n<p><img loading=\"lazy\" class=\"alignnone size-medium wp-image-773\" src=\"\/wp-content\/uploads\/2014\/04\/Dav_ies_vinam_0154.png\" alt=\"Dav_ies_vinam_0154\" width=\"147\" height=\"124\" \/>\u00a0 \u00a0 \u00a0 \u00a0 \u00a0 \u00a0 <a href=\"\/katalogs\/davanu-iesainojums-vinam\/kartona-kastes-vinam\/\"><img loading=\"lazy\" class=\"alignnone size-medium wp-image-774\" src=\"\/wp-content\/uploads\/2014\/04\/Dav_ies_vinam_0155.png\" alt=\"Dav_ies_vinam_0155\" width=\"206\" height=\"104\" \/><\/a>\u00a0 \u00a0 \u00a0 \u00a0 \u00a0 \u00a0 \u00a0 \u00a0 \u00a0 \u00a0 \u00a0 \u00a0 \u00a0 \u00a0 \u00a0 \u00a0 \u00a0 \u00a0\u00a0<a href=\"\/katalogs\/davanu-iesainojums-vinam\/kartona-somas-un-kastes-ar-rokturi-vinam\/\"><img loading=\"lazy\" class=\"alignnone size-medium wp-image-775\" src=\"\/wp-content\/uploads\/2014\/04\/Dav_ies_vinam_0215.png\" alt=\"Dav_ies_vinam_0215\" width=\"104\" height=\"187\" \/><\/a>\u00a0 \u00a0 \u00a0 \u00a0 \u00a0 \u00a0 \u00a0 \u00a0 \u00a0 \u00a0 \u00a0 \u00a0 \u00a0 \u00a0 \u00a0 \u00a0 \u00a0 \u00a0\u00a0<a href=\"\/katalogs\/davanu-iesainojums-vinam\/koka-kastes-vinam\/\"><img loading=\"lazy\" class=\"alignnone size-medium wp-image-776\" src=\"\/wp-content\/uploads\/2014\/04\/Dav_ies_vinam_0217.png\" alt=\"Dav_ies_vinam_0217\" width=\"121\" height=\"171\" \/><\/a><\/p>\n<p style=\"text-align: left;\"><strong><strong>\u00a0 \u00a0 \u00a0 \u00a0 \u00a0 \u00a0 \u00a0Egl\u012btes formas kastes<strong><strong><strong>\u00a0 \u00a0 \u00a0\u00a0<\/strong><\/strong><strong><strong>\u00a0 \u00a0 \u00a0 \u00a0 \u00a0 \u00a0<strong>Kartona kastes v\u012bnam<strong><strong><strong>\u00a0 \u00a0 \u00a0\u00a0<\/strong><\/strong><strong><strong>\u00a0 \u00a0 \u00a0 \u00a0 \u00a0 \u00a0 \u00a0 \u00a0 \u00a0<\/strong><\/strong><\/strong><\/strong><\/strong><\/strong><\/strong><\/strong>Kartona somas un kastes ar rokturi v\u012bnam<strong><strong>\u00a0 \u00a0 \u00a0 \u00a0 \u00a0 \u00a0<\/strong><\/strong>Koka kastes v\u012bnam<\/strong><\/p>\n","protected":false},"excerpt":{"rendered":"<p>\u00a0 \u00a0 \u00a0 \u00a0 \u00a0 \u00a0 \u00a0 \u00a0\u00a0\u00a0 \u00a0 \u00a0 \u00a0 \u00a0 \u00a0 \u00a0 \u00a0\u00a0\u00a0 \u00a0 \u00a0 \u00a0 \u00a0 \u00a0 \u00a0 \u00a0\u00a0 \u00a0 \u00a0 \u00a0Speci\u0101lais iesai\u0146ojums v\u012bnam \u00a0 \u00a0 \u00a0Ziemassv\u0113tku dizaina k\u0101rbas \u00a0 \u00a0 \u00a0Ziemassv\u0113tku d\u0101vanu k\u0101rbas &#8212; &#8216;egl\u012btes&#8217;\u00a0 \u00a0 \u00a0 \u00a0 \u00a0 \u00a0D\u0101vanu kast\u012btes &#8212; &#8216;roz\u012btes&#8217; \u00a0 \u00a0 \u00a0 \u00a0 \u00a0 \u00a0 \u00a0 \u00a0 [&hellip;]<\/p>\n","protected":false},"author":2,"featured_media":0,"parent":53,"menu_order":0,"comment_status":"closed","ping_status":"closed","template":"templates\/template-onecolumn.php","meta":[],"aioseo_notices":[],"_links":{"self":[{"href":"https:\/\/www.irsolutions.lv\/ru\/wp-json\/wp\/v2\/pages\/257"}],"collection":[{"href":"https:\/\/www.irsolutions.lv\/ru\/wp-json\/wp\/v2\/pages"}],"about":[{"href":"https:\/\/www.irsolutions.lv\/ru\/wp-json\/wp\/v2\/types\/page"}],"author":[{"embeddable":true,"href":"https:\/\/www.irsolutions.lv\/ru\/wp-json\/wp\/v2\/users\/2"}],"replies":[{"embeddable":true,"href":"https:\/\/www.irsolutions.lv\/ru\/wp-json\/wp\/v2\/comments?post=257"}],"version-history":[{"count":3,"href":"https:\/\/www.irsolutions.lv\/ru\/wp-json\/wp\/v2\/pages\/257\/revisions"}],"predecessor-version":[{"id":1813,"href":"https:\/\/www.irsolutions.lv\/ru\/wp-json\/wp\/v2\/pages\/257\/revisions\/1813"}],"up":[{"embeddable":true,"href":"https:\/\/www.irsolutions.lv\/ru\/wp-json\/wp\/v2\/pages\/53"}],"wp:attachment":[{"href":"https:\/\/www.irsolutions.lv\/ru\/wp-json\/wp\/v2\/media?parent=257"}],"curies":[{"name":"wp","href":"https:\/\/api.w.org\/{rel}","templated":true}]}}