{"id":53,"date":"2014-03-22T11:27:33","date_gmt":"2014-03-22T09:27:33","guid":{"rendered":"http:\/\/irsolutions.lv\/?page_id=53"},"modified":"2019-05-15T09:29:52","modified_gmt":"2019-05-15T06:29:52","slug":"precu-grupas","status":"publish","type":"page","link":"https:\/\/www.irsolutions.lv\/en\/precu-grupas\/","title":{"rendered":"Katalogs"},"content":{"rendered":"<p><a href=\"http:\/\/www.irsolutions.lv\/wp-content\/uploads\/2014\/06\/IRS_Katalogs_11.pdf\" target=\"_blank\" rel=\"noopener noreferrer\"><img loading=\"lazy\" class=\"alignnone size-medium wp-image-756\" src=\"\/wp-content\/uploads\/2014\/03\/Katalogs_0456-300x293.png\" alt=\"Katalogs_0456\" width=\"300\" height=\"293\"><\/a><a style=\"color: #ff4b33; line-height: 24px;\" href=\"http:\/\/www.irsolutions.lv\/katalogs\/davanu-iesainojums-vinam\/\"><img loading=\"lazy\" class=\"alignnone size-medium wp-image-755\" src=\"\/wp-content\/uploads\/2014\/03\/Katalogs_0166-300x170.png\" alt=\"Katalogs_0166\" width=\"300\" height=\"170\"><\/a><a href=\"\/wp-content\/uploads\/2014\/03\/Katalogs_0002.png\" data-rel=\"lightbox-image-0\" data-rl_title=\"\" data-rl_caption=\"\" title=\"\"><img loading=\"lazy\" class=\"alignnone size-medium wp-image-754\" src=\"\/wp-content\/uploads\/2014\/03\/Katalogs_0002-300x214.png\" alt=\"Katalogs_0002\" width=\"300\" height=\"214\"><\/a><\/p>\n<p style=\"text-align: left;\"><strong>&nbsp; &nbsp; &nbsp; &nbsp; &nbsp; &nbsp; &nbsp; &nbsp; &nbsp; &nbsp; &nbsp; &nbsp; &nbsp; &nbsp; &nbsp; &nbsp; &nbsp; &nbsp; &nbsp; &nbsp; &nbsp;Katalogs &nbsp; &nbsp; &nbsp; &nbsp; &nbsp; &nbsp; &nbsp; &nbsp; &nbsp; &nbsp; &nbsp; &nbsp; &nbsp; &nbsp; &nbsp; &nbsp; &nbsp; &nbsp; &nbsp; &nbsp; &nbsp; &nbsp; &nbsp; &nbsp; &nbsp;D\u0101vanu iesai\u0146ojums v\u012bnam<\/strong><\/p>\n","protected":false},"excerpt":{"rendered":"<p>&nbsp; &nbsp; &nbsp; &nbsp; &nbsp; &nbsp; &nbsp; &nbsp; &nbsp; &nbsp; &nbsp; &nbsp; &nbsp; &nbsp; &nbsp; &nbsp; &nbsp; &nbsp; &nbsp; &nbsp; &nbsp;Katalogs &nbsp; &nbsp; &nbsp; &nbsp; &nbsp; &nbsp; &nbsp; &nbsp; &nbsp; &nbsp; &nbsp; &nbsp; &nbsp; &nbsp; &nbsp; &nbsp; &nbsp; &nbsp; &nbsp; &nbsp; &nbsp; &nbsp; &nbsp; &nbsp; &nbsp;D\u0101vanu iesai\u0146ojums v\u012bnam<\/p>\n","protected":false},"author":2,"featured_media":0,"parent":0,"menu_order":0,"comment_status":"closed","ping_status":"closed","template":"templates\/template-page-with-intro.php","meta":[],"aioseo_notices":[],"_links":{"self":[{"href":"https:\/\/www.irsolutions.lv\/en\/wp-json\/wp\/v2\/pages\/53"}],"collection":[{"href":"https:\/\/www.irsolutions.lv\/en\/wp-json\/wp\/v2\/pages"}],"about":[{"href":"https:\/\/www.irsolutions.lv\/en\/wp-json\/wp\/v2\/types\/page"}],"author":[{"embeddable":true,"href":"https:\/\/www.irsolutions.lv\/en\/wp-json\/wp\/v2\/users\/2"}],"replies":[{"embeddable":true,"href":"https:\/\/www.irsolutions.lv\/en\/wp-json\/wp\/v2\/comments?post=53"}],"version-history":[{"count":5,"href":"https:\/\/www.irsolutions.lv\/en\/wp-json\/wp\/v2\/pages\/53\/revisions"}],"predecessor-version":[{"id":1808,"href":"https:\/\/www.irsolutions.lv\/en\/wp-json\/wp\/v2\/pages\/53\/revisions\/1808"}],"wp:attachment":[{"href":"https:\/\/www.irsolutions.lv\/en\/wp-json\/wp\/v2\/media?parent=53"}],"curies":[{"name":"wp","href":"https:\/\/api.w.org\/{rel}","templated":true}]}}