{"id":2639,"date":"2021-05-06T17:52:32","date_gmt":"2021-05-06T14:52:32","guid":{"rendered":"https:\/\/www.irsolutions.lv\/?page_id=2639"},"modified":"2021-06-02T04:29:34","modified_gmt":"2021-06-02T01:29:34","slug":"privatuma-politika","status":"publish","type":"page","link":"https:\/\/www.irsolutions.lv\/en\/privatuma-politika\/","title":{"rendered":"Privacy policy"},"content":{"rendered":"\t\t<div data-elementor-type=\"wp-page\" data-elementor-id=\"2639\" class=\"elementor elementor-2639\" data-elementor-settings=\"[]\">\n\t\t\t\t\t\t<div class=\"elementor-inner\">\n\t\t\t\t\t\t\t<div class=\"elementor-section-wrap\">\n\t\t\t\t\t\t\t<section class=\"elementor-section elementor-top-section elementor-element elementor-element-1706762 elementor-section-boxed elementor-section-height-default elementor-section-height-default\" data-id=\"1706762\" data-element_type=\"section\">\n\t\t\t\t\t\t<div class=\"elementor-container elementor-column-gap-default\">\n\t\t\t\t\t\t\t<div class=\"elementor-row\">\n\t\t\t\t\t<div class=\"elementor-column elementor-col-100 elementor-top-column elementor-element elementor-element-9034fa6\" data-id=\"9034fa6\" data-element_type=\"column\">\n\t\t\t<div class=\"elementor-column-wrap elementor-element-populated\">\n\t\t\t\t\t\t\t<div class=\"elementor-widget-wrap\">\n\t\t\t\t\t\t<div class=\"elementor-element elementor-element-db958ab elementor-widget elementor-widget-text-editor\" data-id=\"db958ab\" data-element_type=\"widget\" data-widget_type=\"text-editor.default\">\n\t\t\t\t<div class=\"elementor-widget-container\">\n\t\t\t\t\t\t\t\t<div class=\"elementor-text-editor elementor-clearfix\">\n\t\t\t\t\t<p><strong>M\u016bsu priv\u0101tuma politika<\/strong><\/p><p>I.R. Solutions iev\u0113ro Eiropas Parlamenta un Padomes regulu (ES) 2016\/679, kura tika pie\u0146emta 2016.gada 27.apr\u012bl\u012b un atbild par fizisku personu aizsardz\u012bbu attiec\u012bb\u0101 uz personas datu apstr\u0101di un \u0161\u0101du datu br\u012bvu apriti, ar ko atce\u013c Direkt\u012bvu 95\/46\/EK (Visp\u0101r\u012bg\u0101 datu aizsardz\u012bbas regula).<\/p><p><strong>Ko tas noz\u012bm\u0113?<\/strong><\/p><ul><li>M\u0113s neiev\u0101cam inform\u0101ciju par m\u0101jaslapas apmekl\u0113t\u0101jiem.<\/li><li>Klientu inform\u0101cija netiek pie\u0161\u0137irt\u0101 tre\u0161ajai grupai bez klienta piekri\u0161anas.<\/li><\/ul>\t\t\t\t\t<\/div>\n\t\t\t\t\t\t<\/div>\n\t\t\t\t<\/div>\n\t\t\t\t\t\t<\/div>\n\t\t\t\t\t<\/div>\n\t\t<\/div>\n\t\t\t\t\t\t\t\t<\/div>\n\t\t\t\t\t<\/div>\n\t\t<\/section>\n\t\t\t\t\t\t<\/div>\n\t\t\t\t\t\t<\/div>\n\t\t\t\t\t<\/div>\n\t\t","protected":false},"excerpt":{"rendered":"<p>M\u016bsu priv\u0101tuma politika I.R. Solutions iev\u0113ro Eiropas Parlamenta un Padomes regulu (ES) 2016\/679, kura tika pie\u0146emta 2016.gada 27.apr\u012bl\u012b un atbild par fizisku personu aizsardz\u012bbu attiec\u012bb\u0101 uz personas datu apstr\u0101di un \u0161\u0101du datu br\u012bvu apriti, ar ko atce\u013c Direkt\u012bvu 95\/46\/EK (Visp\u0101r\u012bg\u0101 datu aizsardz\u012bbas regula). Ko tas noz\u012bm\u0113? M\u0113s neiev\u0101cam inform\u0101ciju par m\u0101jaslapas apmekl\u0113t\u0101jiem. Klientu inform\u0101cija netiek [&hellip;]<\/p>\n","protected":false},"author":3,"featured_media":0,"parent":0,"menu_order":0,"comment_status":"closed","ping_status":"closed","template":"","meta":[],"aioseo_notices":[],"_links":{"self":[{"href":"https:\/\/www.irsolutions.lv\/en\/wp-json\/wp\/v2\/pages\/2639"}],"collection":[{"href":"https:\/\/www.irsolutions.lv\/en\/wp-json\/wp\/v2\/pages"}],"about":[{"href":"https:\/\/www.irsolutions.lv\/en\/wp-json\/wp\/v2\/types\/page"}],"author":[{"embeddable":true,"href":"https:\/\/www.irsolutions.lv\/en\/wp-json\/wp\/v2\/users\/3"}],"replies":[{"embeddable":true,"href":"https:\/\/www.irsolutions.lv\/en\/wp-json\/wp\/v2\/comments?post=2639"}],"version-history":[{"count":9,"href":"https:\/\/www.irsolutions.lv\/en\/wp-json\/wp\/v2\/pages\/2639\/revisions"}],"predecessor-version":[{"id":3274,"href":"https:\/\/www.irsolutions.lv\/en\/wp-json\/wp\/v2\/pages\/2639\/revisions\/3274"}],"wp:attachment":[{"href":"https:\/\/www.irsolutions.lv\/en\/wp-json\/wp\/v2\/media?parent=2639"}],"curies":[{"name":"wp","href":"https:\/\/api.w.org\/{rel}","templated":true}]}}