{"id":161,"date":"2014-03-27T10:53:32","date_gmt":"2014-03-27T08:53:32","guid":{"rendered":"http:\/\/irsolutions.lv\/?page_id=161"},"modified":"2019-05-07T11:20:14","modified_gmt":"2019-05-07T08:20:14","slug":"veikaliem","status":"publish","type":"page","link":"https:\/\/www.irsolutions.lv\/en\/veikaliem\/","title":{"rendered":"For shops"},"content":{"rendered":"<p><a href=\"http:\/\/irsolutions.lv\/risinajumi\/veikaliem\/berama-partika\/\"><img loading=\"lazy\" title=\"Beram\u0101 p\u0101rtika\" alt=\"Veikaliem_0295\" src=\"\/wp-content\/uploads\/2014\/03\/Veikaliem_0295-300x200.png\" width=\"300\" height=\"200\" \/><\/a><a href=\"http:\/\/irsolutions.lv\/risinajumi\/veikaliem\/grozi-un-rati\/\"><img loading=\"lazy\" class=\"alignnone size-full wp-image-586\" title=\"Grozi un rati\" alt=\"Veikaliem_0297\" src=\"\/wp-content\/uploads\/2014\/03\/Veikaliem_0297.png\" width=\"227\" height=\"213\" \/><\/a><\/p>\n<p><strong>\u00a0\u00a0\u00a0\u00a0<strong>Bulk food\u00a0\u00a0<\/strong>\u00a0\u00a0\u00a0\u00a0\u00a0\u00a0\u00a0\u00a0\u00a0\u00a0\u00a0\u00a0\u00a0\u00a0\u00a0\u00a0\u00a0\u00a0\u00a0\u00a0\u00a0\u00a0\u00a0\u00a0\u00a0\u00a0\u00a0\u00a0\u00a0\u00a0\u00a0\u00a0\u00a0\u00a0\u00a0\u00a0\u00a0\u00a0\u00a0\u00a0\u00a0\u00a0\u00a0\u00a0\u00a0\u00a0\u00a0\u00a0\u00a0 baskets&amp;trolleys\u00a0\u00a0\u00a0\u00a0<\/strong><\/p>\n<p><img loading=\"lazy\" class=\"alignnone size-full wp-image-587\" style=\"line-height: 24px;\" title=\"Ledusskapji\" alt=\"Veikaliem_0298\" src=\"\/wp-content\/uploads\/2014\/03\/Veikaliem_0298.png\" width=\"238\" height=\"213\" \/>\u00a0\u00a0\u00a0\u00a0\u00a0\u00a0 <img loading=\"lazy\" class=\"alignnone size-full wp-image-589\" title=\"Svaig\u0101 produkcija fresh\" alt=\"Veikaliem_0302\" src=\"\/wp-content\/uploads\/2014\/03\/Veikaliem_0302.png\" width=\"225\" height=\"210\" \/><br \/>\n<strong>\u00a0\u00a0Coolers\u00a0Shopping\u00a0\u00a0\u00a0\u00a0\u00a0\u00a0\u00a0\u00a0\u00a0\u00a0\u00a0\u00a0\u00a0\u00a0\u00a0\u00a0\u00a0\u00a0\u00a0\u00a0\u00a0\u00a0\u00a0\u00a0\u00a0\u00a0\u00a0\u00a0\u00a0\u00a0\u00a0\u00a0\u00a0\u00a0\u00a0\u00a0\u00a0\u00a0\u00a0\u00a0\u00a0\u00a0\u00a0\u00a0\u00a0 Fresh<\/strong><\/p>\n<p><img loading=\"lazy\" class=\"alignnone  wp-image-585\" title=\"Cenas un akcijas komunik\u0101cija\" alt=\"Veikaliem_0296\" src=\"\/wp-content\/uploads\/2014\/03\/Veikaliem_0296.png\" width=\"282\" height=\"212\" \/><img loading=\"lazy\" class=\"alignnone  wp-image-583\" title=\"Aug\u013ci un d\u0101rze\u0146i\" alt=\"Veikaliem_0289\" src=\"\/wp-content\/uploads\/2014\/03\/Veikaliem_0289.png\" width=\"238\" height=\"213\" \/><\/p>\n<p><strong>Price and campaign\u00a0communication\u00a0\u00a0\u00a0\u00a0\u00a0\u00a0\u00a0\u00a0\u00a0\u00a0\u00a0\u00a0\u00a0\u00a0\u00a0\u00a0\u00a0<\/strong>Fruits&amp;Vegetables<\/p>\n<p><img loading=\"lazy\" class=\"alignnone  wp-image-588\" title=\"Pre\u010du izvietojums plauktos\" alt=\"Veikaliem_0301\" src=\"\/wp-content\/uploads\/2014\/03\/Veikaliem_0301.png\" width=\"249\" height=\"213\" \/><\/p>\n<p><strong>Products placement\u00a0\u00a0\u00a0\u00a0\u00a0\u00a0<\/strong><\/p>\n<p><strong>\u00a0<\/strong><br \/>\n<strong>\u00a0\u00a0\u00a0\u00a0\u00a0\u00a0<\/strong><\/p>\n","protected":false},"excerpt":{"rendered":"<p>\u00a0\u00a0\u00a0\u00a0Bulk food\u00a0\u00a0\u00a0\u00a0\u00a0\u00a0\u00a0\u00a0\u00a0\u00a0\u00a0\u00a0\u00a0\u00a0\u00a0\u00a0\u00a0\u00a0\u00a0\u00a0\u00a0\u00a0\u00a0\u00a0\u00a0\u00a0\u00a0\u00a0\u00a0\u00a0\u00a0\u00a0\u00a0\u00a0\u00a0\u00a0\u00a0\u00a0\u00a0\u00a0\u00a0\u00a0\u00a0\u00a0\u00a0\u00a0\u00a0\u00a0\u00a0\u00a0\u00a0 baskets&amp;trolleys\u00a0\u00a0\u00a0\u00a0 \u00a0\u00a0\u00a0\u00a0\u00a0\u00a0 \u00a0\u00a0Coolers\u00a0Shopping\u00a0\u00a0\u00a0\u00a0\u00a0\u00a0\u00a0\u00a0\u00a0\u00a0\u00a0\u00a0\u00a0\u00a0\u00a0\u00a0\u00a0\u00a0\u00a0\u00a0\u00a0\u00a0\u00a0\u00a0\u00a0\u00a0\u00a0\u00a0\u00a0\u00a0\u00a0\u00a0\u00a0\u00a0\u00a0\u00a0\u00a0\u00a0\u00a0\u00a0\u00a0\u00a0\u00a0\u00a0\u00a0 Fresh Price and campaign\u00a0communication\u00a0\u00a0\u00a0\u00a0\u00a0\u00a0\u00a0\u00a0\u00a0\u00a0\u00a0\u00a0\u00a0\u00a0\u00a0\u00a0\u00a0Fruits&amp;Vegetables Products placement\u00a0\u00a0\u00a0\u00a0\u00a0\u00a0 \u00a0 \u00a0\u00a0\u00a0\u00a0\u00a0\u00a0<\/p>\n","protected":false},"author":2,"featured_media":0,"parent":0,"menu_order":0,"comment_status":"closed","ping_status":"closed","template":"","meta":[],"aioseo_notices":[],"_links":{"self":[{"href":"https:\/\/www.irsolutions.lv\/en\/wp-json\/wp\/v2\/pages\/161"}],"collection":[{"href":"https:\/\/www.irsolutions.lv\/en\/wp-json\/wp\/v2\/pages"}],"about":[{"href":"https:\/\/www.irsolutions.lv\/en\/wp-json\/wp\/v2\/types\/page"}],"author":[{"embeddable":true,"href":"https:\/\/www.irsolutions.lv\/en\/wp-json\/wp\/v2\/users\/2"}],"replies":[{"embeddable":true,"href":"https:\/\/www.irsolutions.lv\/en\/wp-json\/wp\/v2\/comments?post=161"}],"version-history":[{"count":1,"href":"https:\/\/www.irsolutions.lv\/en\/wp-json\/wp\/v2\/pages\/161\/revisions"}],"predecessor-version":[{"id":1684,"href":"https:\/\/www.irsolutions.lv\/en\/wp-json\/wp\/v2\/pages\/161\/revisions\/1684"}],"wp:attachment":[{"href":"https:\/\/www.irsolutions.lv\/en\/wp-json\/wp\/v2\/media?parent=161"}],"curies":[{"name":"wp","href":"https:\/\/api.w.org\/{rel}","templated":true}]}}